{"id":103,"date":"2020-11-23T16:25:53","date_gmt":"2020-11-23T15:25:53","guid":{"rendered":"http:\/\/www.countryflags.com\/homepage\/"},"modified":"2020-11-30T13:22:31","modified_gmt":"2020-11-30T12:22:31","slug":"homepage","status":"publish","type":"page","link":"https:\/\/www.countryflags.com\/fr\/","title":{"rendered":"Drapeaux du monde et images gratuites"},"content":{"rendered":"<h1>Tous les drapeaux du monde<\/h1>\n<p>Sur Countryflags.com vous trouverez une liste de drapeaux de tous les pays du monde. Les pays peuvent \u00eatre tri\u00e9s par ordre alphab\u00e9tique, mais aussi par nombre d\u2019habitants et par taille du pays. Vous trouverez un aper\u00e7u des pays class\u00e9s par continent. Il y a une description de chaque drapeau comprenant les couleurs utilis\u00e9es et les proportions originales du drapeau. Il est indiqu\u00e9 aussi quand un pays a adopt\u00e9 un drapeau pour la premi\u00e8re fois, quand un pays a commenc\u00e9 \u00e0 utiliser son drapeau actuel et quand la derni\u00e8re modification a \u00e9t\u00e9 apport\u00e9e au drapeau. Sur Countryflags.com vous pourrez trouver une grande collection d&rsquo;images de tous les drapeaux du monde. Faites un choix pour les fichiers vectoriels, les images, les arri\u00e8re-plans ou notre vaste collection d&rsquo;ic\u00f4nes de tous les pays en Europe. Les images sont de haute qualit\u00e9.<\/p>\n<p>Outre les informations sur les drapeaux du monde, vous trouverez \u00e9galement les informations sur tous les pays. Pour chaque drapeau, une carte g\u00e9ographique du pays est pr\u00e9sent\u00e9e, localisant le pays dans le monde. Ici vous trouverez des informations g\u00e9n\u00e9rales sur les pays\u00a0: sur la population, la superficie, la densit\u00e9 de la population, le capital, la langue officielle, le gouvernement, la monnaie et le fuseau horaire. En plus, vous pouvez voir les pays voisins et les drapeaux nationaux des pays voisins. Sur Coutryflags.com vous pouvez trouver tous les drapeaux europ\u00e9ens.<\/p>\n","protected":false},"excerpt":{"rendered":"<p>Tous les drapeaux du monde Sur Countryflags.com vous trouverez une liste de drapeaux de tous les pays du monde. Les pays peuvent \u00eatre tri\u00e9s par ordre alphab\u00e9tique, mais aussi par nombre d\u2019habitants et par taille du pays. Vous trouverez un aper\u00e7u des pays class\u00e9s par continent. Il y a une description de chaque drapeau comprenant [&hellip;]<\/p>\n","protected":false},"author":1,"featured_media":0,"parent":0,"menu_order":0,"comment_status":"closed","ping_status":"closed","template":"page-wide.php","meta":{"_mi_skip_tracking":false,"footnotes":""},"class_list":["post-103","page","type-page","status-publish","hentry"],"acf":[],"yoast_head":"<!-- This site is optimized with the Yoast SEO plugin v25.1 - https:\/\/yoast.com\/wordpress\/plugins\/seo\/ -->\n<title>Drapeaux du monde et images gratuites - Country flags<\/title>\n<meta name=\"description\" content=\"Liste de tous les drapeaux nationaux contenant des informations sur les pays. T\u00e9l\u00e9charger gratuitement des fichiers vectoriels, des ic\u00f4nes, des fonds d&#039;\u00e9cran et emoji de tous les drapeaux de pays.\" \/>\n<meta name=\"robots\" content=\"index, follow, max-snippet:-1, max-image-preview:large, max-video-preview:-1\" \/>\n<link rel=\"canonical\" href=\"https:\/\/www.countryflags.com\/fr\/\" \/>\n<meta property=\"og:locale\" content=\"fr_FR\" \/>\n<meta property=\"og:type\" content=\"article\" \/>\n<meta property=\"og:title\" content=\"Drapeaux du monde et images gratuites\" \/>\n<meta property=\"og:description\" content=\"Liste de tous les drapeaux nationaux contenant des informations sur les pays. T\u00e9l\u00e9charger gratuitement des fichiers vectoriels, des ic\u00f4nes, des fonds d&#039;\u00e9cran et emoji de tous les drapeaux de pays.\" \/>\n<meta property=\"og:url\" content=\"https:\/\/www.countryflags.com\/fr\/\" \/>\n<meta property=\"og:site_name\" content=\"Country flags\" \/>\n<meta property=\"article:modified_time\" content=\"2020-11-30T12:22:31+00:00\" \/>\n<meta name=\"twitter:card\" content=\"summary_large_image\" \/>\n<meta name=\"twitter:label1\" content=\"Dur\u00e9e de lecture estim\u00e9e\" \/>\n\t<meta name=\"twitter:data1\" content=\"1 minute\" \/>\n<script type=\"application\/ld+json\" class=\"yoast-schema-graph\">{\"@context\":\"https:\/\/schema.org\",\"@graph\":[{\"@type\":\"WebPage\",\"@id\":\"https:\/\/www.countryflags.com\/fr\/\",\"url\":\"https:\/\/www.countryflags.com\/fr\/\",\"name\":\"Drapeaux du monde et images gratuites\",\"isPartOf\":{\"@id\":\"https:\/\/www.countryflags.com\/fr\/#website\"},\"datePublished\":\"2020-11-23T15:25:53+00:00\",\"dateModified\":\"2020-11-30T12:22:31+00:00\",\"description\":\"Liste de tous les drapeaux nationaux contenant des informations sur les pays. T\u00e9l\u00e9charger gratuitement des fichiers vectoriels, des ic\u00f4nes, des fonds d'\u00e9cran et emoji de tous les drapeaux de pays.\",\"breadcrumb\":{\"@id\":\"https:\/\/www.countryflags.com\/fr\/#breadcrumb\"},\"inLanguage\":\"fr-FR\",\"potentialAction\":[{\"@type\":\"ReadAction\",\"target\":[\"https:\/\/www.countryflags.com\/fr\/\"]}]},{\"@type\":\"BreadcrumbList\",\"@id\":\"https:\/\/www.countryflags.com\/fr\/#breadcrumb\",\"itemListElement\":[{\"@type\":\"ListItem\",\"position\":1,\"name\":\"Home\",\"item\":\"https:\/\/www.countryflags.com\/fr\/\"},{\"@type\":\"ListItem\",\"position\":2,\"name\":\"Drapeaux du monde et images gratuites\"}]},{\"@type\":\"WebSite\",\"@id\":\"https:\/\/www.countryflags.com\/fr\/#website\",\"url\":\"https:\/\/www.countryflags.com\/fr\/\",\"name\":\"Country flags\",\"description\":\"all flags of the world\",\"publisher\":{\"@id\":\"https:\/\/www.countryflags.com\/fr\/#organization\"},\"potentialAction\":[{\"@type\":\"SearchAction\",\"target\":{\"@type\":\"EntryPoint\",\"urlTemplate\":\"https:\/\/www.countryflags.com\/fr\/?s={search_term_string}\"},\"query-input\":{\"@type\":\"PropertyValueSpecification\",\"valueRequired\":true,\"valueName\":\"search_term_string\"}}],\"inLanguage\":\"fr-FR\"},{\"@type\":\"Organization\",\"@id\":\"https:\/\/www.countryflags.com\/fr\/#organization\",\"name\":\"Country flags\",\"url\":\"https:\/\/www.countryflags.com\/fr\/\",\"logo\":{\"@type\":\"ImageObject\",\"inLanguage\":\"fr-FR\",\"@id\":\"https:\/\/www.countryflags.com\/fr\/#\/schema\/logo\/image\/\",\"url\":\"https:\/\/www.countryflags.com\/wp-content\/uploads\/countryflags-logo.png\",\"contentUrl\":\"https:\/\/www.countryflags.com\/wp-content\/uploads\/countryflags-logo.png\",\"width\":800,\"height\":100,\"caption\":\"Country flags\"},\"image\":{\"@id\":\"https:\/\/www.countryflags.com\/fr\/#\/schema\/logo\/image\/\"}}]}<\/script>\n<!-- \/ Yoast SEO plugin. -->","yoast_head_json":{"title":"Drapeaux du monde et images gratuites - Country flags","description":"Liste de tous les drapeaux nationaux contenant des informations sur les pays. T\u00e9l\u00e9charger gratuitement des fichiers vectoriels, des ic\u00f4nes, des fonds d'\u00e9cran et emoji de tous les drapeaux de pays.","robots":{"index":"index","follow":"follow","max-snippet":"max-snippet:-1","max-image-preview":"max-image-preview:large","max-video-preview":"max-video-preview:-1"},"canonical":"https:\/\/www.countryflags.com\/fr\/","og_locale":"fr_FR","og_type":"article","og_title":"Drapeaux du monde et images gratuites","og_description":"Liste de tous les drapeaux nationaux contenant des informations sur les pays. T\u00e9l\u00e9charger gratuitement des fichiers vectoriels, des ic\u00f4nes, des fonds d'\u00e9cran et emoji de tous les drapeaux de pays.","og_url":"https:\/\/www.countryflags.com\/fr\/","og_site_name":"Country flags","article_modified_time":"2020-11-30T12:22:31+00:00","twitter_card":"summary_large_image","twitter_misc":{"Dur\u00e9e de lecture estim\u00e9e":"1 minute"},"schema":{"@context":"https:\/\/schema.org","@graph":[{"@type":"WebPage","@id":"https:\/\/www.countryflags.com\/fr\/","url":"https:\/\/www.countryflags.com\/fr\/","name":"Drapeaux du monde et images gratuites","isPartOf":{"@id":"https:\/\/www.countryflags.com\/fr\/#website"},"datePublished":"2020-11-23T15:25:53+00:00","dateModified":"2020-11-30T12:22:31+00:00","description":"Liste de tous les drapeaux nationaux contenant des informations sur les pays. T\u00e9l\u00e9charger gratuitement des fichiers vectoriels, des ic\u00f4nes, des fonds d'\u00e9cran et emoji de tous les drapeaux de pays.","breadcrumb":{"@id":"https:\/\/www.countryflags.com\/fr\/#breadcrumb"},"inLanguage":"fr-FR","potentialAction":[{"@type":"ReadAction","target":["https:\/\/www.countryflags.com\/fr\/"]}]},{"@type":"BreadcrumbList","@id":"https:\/\/www.countryflags.com\/fr\/#breadcrumb","itemListElement":[{"@type":"ListItem","position":1,"name":"Home","item":"https:\/\/www.countryflags.com\/fr\/"},{"@type":"ListItem","position":2,"name":"Drapeaux du monde et images gratuites"}]},{"@type":"WebSite","@id":"https:\/\/www.countryflags.com\/fr\/#website","url":"https:\/\/www.countryflags.com\/fr\/","name":"Country flags","description":"all flags of the world","publisher":{"@id":"https:\/\/www.countryflags.com\/fr\/#organization"},"potentialAction":[{"@type":"SearchAction","target":{"@type":"EntryPoint","urlTemplate":"https:\/\/www.countryflags.com\/fr\/?s={search_term_string}"},"query-input":{"@type":"PropertyValueSpecification","valueRequired":true,"valueName":"search_term_string"}}],"inLanguage":"fr-FR"},{"@type":"Organization","@id":"https:\/\/www.countryflags.com\/fr\/#organization","name":"Country flags","url":"https:\/\/www.countryflags.com\/fr\/","logo":{"@type":"ImageObject","inLanguage":"fr-FR","@id":"https:\/\/www.countryflags.com\/fr\/#\/schema\/logo\/image\/","url":"https:\/\/www.countryflags.com\/wp-content\/uploads\/countryflags-logo.png","contentUrl":"https:\/\/www.countryflags.com\/wp-content\/uploads\/countryflags-logo.png","width":800,"height":100,"caption":"Country flags"},"image":{"@id":"https:\/\/www.countryflags.com\/fr\/#\/schema\/logo\/image\/"}}]}},"_links":{"self":[{"href":"https:\/\/www.countryflags.com\/fr\/wp-json\/wp\/v2\/pages\/103","targetHints":{"allow":["GET"]}}],"collection":[{"href":"https:\/\/www.countryflags.com\/fr\/wp-json\/wp\/v2\/pages"}],"about":[{"href":"https:\/\/www.countryflags.com\/fr\/wp-json\/wp\/v2\/types\/page"}],"author":[{"embeddable":true,"href":"https:\/\/www.countryflags.com\/fr\/wp-json\/wp\/v2\/users\/1"}],"replies":[{"embeddable":true,"href":"https:\/\/www.countryflags.com\/fr\/wp-json\/wp\/v2\/comments?post=103"}],"version-history":[{"count":2,"href":"https:\/\/www.countryflags.com\/fr\/wp-json\/wp\/v2\/pages\/103\/revisions"}],"predecessor-version":[{"id":12611,"href":"https:\/\/www.countryflags.com\/fr\/wp-json\/wp\/v2\/pages\/103\/revisions\/12611"}],"wp:attachment":[{"href":"https:\/\/www.countryflags.com\/fr\/wp-json\/wp\/v2\/media?parent=103"}],"curies":[{"name":"wp","href":"https:\/\/api.w.org\/{rel}","templated":true}]}}