{"id":99,"date":"2020-11-23T16:25:53","date_gmt":"2020-11-23T15:25:53","guid":{"rendered":"http:\/\/www.countryflags.com\/privacy-policy\/"},"modified":"2020-12-03T11:15:11","modified_gmt":"2020-12-03T10:15:11","slug":"datenschutzerklaerung","status":"publish","type":"page","link":"https:\/\/www.countryflags.com\/de\/datenschutzerklaerung\/","title":{"rendered":"Datenschutzerkl\u00e4rung"},"content":{"rendered":"<p><strong>DATENSCHUTZERKL\u00c4RUNG PROFLAGS B.V.<\/strong><\/p><p><em>1 Dezember 2020<\/em><\/p><p>Datenschutzrelevante Daten oder personenbezogene Daten werden \u00fcber unseren Online-Shop verarbeitet. Countryflags.com \/ Proflags B.V. legt Wert auf einen sorgf\u00e4ltigen Umgang mit personenbezogenen Daten. Personenbezogene Daten werden von uns daher sorgf\u00e4ltig verarbeitet und gesichert.<\/p><p>Bei unsere Verarbeitung entsprechen wir den Anforderungen der Datenschutzgesetze. Das hei\u00dft unter anderem, dass wir:<\/p><ul class=\"wp-block-list\"><li>Unsere Zwecke klar angeben bevor wir personenbezogene Daten in dieser Datenschutzerkl\u00e4rung verarbeiten<\/li><li>Beschr\u00e4nken der personenbezogener Daten und diese nur f\u00fcr legitime Zwecken benutzen.<\/li><li>Wir fordern ausdr\u00fccklich die Erlaubnis zur Verarbeitung ihrer personenbezogenen Daten im F\u00e4llen in denen ihr Erlaubnis erforderlich ist, Ergreifen sie geeignete Sicherheitsma\u00dfnahmen um ihre personenbezogenen Daten sowie die Anforderungen von Parteien zu sch\u00fctzen die in unserer Bestellung personenbezogene Daten verarbeiten.<\/li><li>Respektieren sie ihr Recht ihre pers\u00f6nlichen Daten zur Einsichtnahme, Korrektur oder L\u00f6schung zur Verf\u00fcgung zu stellen.<\/li><li>Countryflags.com \/ Proflags B.V. ist f\u00fcr die Datenverarbeitung verantwortlich. In dieser Datenschutzerkl\u00e4rung erkl\u00e4ren wir, welche personenbezogenen Daten wir im Webshop https:\/\/www.countryflags.com\/de sammeln und zu welchem Zweck verwenden. Wir empfehlen ihnen, dies sorgf\u00e4ltig zu lesen.<\/li><li>Wenn sie Fragen haben oder genau wissen m\u00f6chten, welche Informationen wir von ihnen bei uns speichern , wenden sie sich bitte an die Countryflags.com \/ Proflags B.V..<\/li><li>Bearbeitungsauftrag<\/li><\/ul><p>Wenn sie eine Bestellung bei uns aufgeben, verwenden wir ihre personenbezogenen Daten, um diese ordnungsgem\u00e4\u00df abzuwickeln. Informationen zu ihrer Zahlung erhalten wir auch von ihrer Bank oder ihrem Kreditkartenunternehmen.<\/p><p>Hierzu verwenden wir ihre E-Mail-Adresse, Telefonnummer, Rechnungsadresse, Name und Daten sowie Zahlungsdetails. Wir tun dies auf Grundlage ihrer Zustimmung. Wir bewahren diese Informationen auf, bis ihre Bestellung abgeschlossen ist. Bestimmte Kundendaten bewahren wir f\u00fcr einen l\u00e4ngeren Zeitraum im Zusammenhang mit der gesetzlichen Steuerpflicht auf.<\/p><h3 class=\"wp-block-heading\">Bereitstellung an Dritte<\/h3><p>Wir arbeiten mit bestimmten Unternehmen zusammen, die ihre personenbezogenen Daten von uns erhalten k\u00f6nnen.<\/p><h3 class=\"wp-block-heading\">Standort Daten<\/h3><p>Bei Bedarf k\u00f6nnen wir Standortdaten (GPS) von ihnen sammeln. Daf\u00fcr wird ihre Erlaubnis beantragt.<\/p><p>Diese Standortdaten k\u00f6nnen auch vom Anbieter beispielsweise der Navigations- \/ Karten Software wie Google Maps gespeichert und verarbeitet werden. Die Daten k\u00f6nnen jedoch auch von beispielsweise Google oder Apple selbst verwendet werden. Wir haben keine Kontrolle dar\u00fcber. Lesen sie immer die Datenschutzerkl\u00e4rungen des jeweiligen Anbieters.<\/p><h3 class=\"wp-block-heading\">Bereitstellung an andere Unternehmen oder Institutionen<\/h3><p>Mit Ausnahme der oben genannten Partner geben wir unter keinen Umst\u00e4nden ihre personenbezogenen Daten an andere Unternehmen oder Institutionen weiter, es sei denn, wir sind gesetzlich dazu verpflichtet (zum Beispiel wenn die Polizei dies verlangt, wenn ein Straftatverdacht besteht).<\/p><h3 class=\"wp-block-heading\">Statistik<\/h3><p>Wir f\u00fchren Statistiken \u00fcber die Nutzung unseres Webshops<\/p><p>Social-Media-Buttons finden sie in unserem Webshop. Hiermit sammeln die Administratoren dieser Dienste ihre pers\u00f6nlichen Daten.<\/p><h3 class=\"wp-block-heading\">Google Analytics<\/h3><p>Wir verwenden Google Analytics um zu verfolgen wie Besucher unseren Webshop nutzen. Wir haben eine Verarbeitungsvereinbarung mit Google unterzeichnet. Es gibt strikte Vereinbarungen dar\u00fcber was sie speichern d\u00fcrfen. Wir gestatten Google, die erhaltenen Analytics-Informationen f\u00fcr andere Google-Dienste zu verwenden. Wir lassen Google die IP-Adressen nicht anonymisieren.<\/p><h3 class=\"wp-block-heading\">Sicherheit<\/h3><p>Die Sicherheit pers\u00f6nlicher Daten ist f\u00fcr uns von gro\u00dfer Bedeutung. Wir sorgen daf\u00fcr, dass ihre Daten bei uns ordnungsgem\u00e4\u00df gesichert werden. Wir passen die Sicherheit immer an und achten darauf dass alles rechtsg\u00fcltig ist.<\/p><h3 class=\"wp-block-heading\">\u00c4nderungen dieser Datenschutzerkl\u00e4rung<\/h3><p>Wir behalten uns das Recht vor \u00c4nderungen an dieser Datenschutzerkl\u00e4rung vorzunehmen. Es wird empfohlen diese Datenschutzerkl\u00e4rung regelm\u00e4\u00dfig zu lesen um sich \u00fcber diese \u00c4nderungen zu informieren. Wir werden uns bem\u00fchen \u00c4nderungen gesondert bekannt zu geben.<\/p><h3 class=\"wp-block-heading\">Achten sie auf ihre Daten, \u00e4ndern und l\u00f6schen sie sie falls erforderlich.<\/h3><p>Wenn sie Fragen haben oder wissen m\u00f6chten, welche pers\u00f6nlichen Informationen wir von sie haben, k\u00f6nnen sie sich jederzeit an uns wenden. Siehe die Kontaktdaten unten.<\/p><h3 class=\"wp-block-heading\">Sie haben folgende Rechte:<\/h3><ul class=\"wp-block-list\"><li>Eine Erkl\u00e4rung dar\u00fcber erhalten, welche personenbezogenen Daten wir haben und was wir damit machen;<\/li><li>Einblick in die genauen pers\u00f6nlichen Daten, die wir speichern;<\/li><li>Fehler korrigieren lassen;<\/li><li>Die Entfernung veralteter personenbezogener Daten;<\/li><li>Entzug der Erlaubnis;<\/li><li>Einer bestimmten Verwendung widersprechen.<\/li><li>Bitte beachten sie dass sie immer klar angeben, wer sie sind, damit wir sicher sein k\u00f6nnen, dass wir keine Daten der falschen Person \u00e4ndern oder l\u00f6schen.<\/li><\/ul><h3 class=\"wp-block-heading\">Beschwerde einreichen<\/h3><p>Wenn sie der Meinung sind dass wir ihnen nicht korrekt helfen, haben sie das Recht, eine Beschwerde beim Vorgesetzten einzureichen. Dies wird als niederl\u00e4ndische Datenschutzbeh\u00f6rde bezeichnet.<\/p><h3 class=\"wp-block-heading\">Kontaktinformationen<\/h3><p>Countryflags.com \/ Proflags B.V.<br>Tilbury 8<br>3897AC Zeewolde (Niederlande)<br>info@countryflags.com<\/p>","protected":false},"excerpt":{"rendered":"<p>DATENSCHUTZERKL\u00c4RUNG PROFLAGS B.V. 1 Dezember 2020 Datenschutzrelevante Daten oder personenbezogene Daten werden \u00fcber unseren Online-Shop verarbeitet. Countryflags.com \/ Proflags B.V. legt Wert auf einen sorgf\u00e4ltigen Umgang mit personenbezogenen Daten. Personenbezogene Daten werden von uns daher sorgf\u00e4ltig verarbeitet und gesichert. Bei unsere Verarbeitung entsprechen wir den Anforderungen der Datenschutzgesetze. Das hei\u00dft unter anderem, dass wir: Unsere [&hellip;]<\/p>\n","protected":false},"author":1,"featured_media":0,"parent":0,"menu_order":0,"comment_status":"closed","ping_status":"closed","template":"","meta":{"_mi_skip_tracking":false,"footnotes":""},"class_list":["post-99","page","type-page","status-publish","hentry"],"acf":[],"yoast_head":"<!-- This site is optimized with the Yoast SEO plugin v25.1 - https:\/\/yoast.com\/wordpress\/plugins\/seo\/ -->\n<title>Datenschutzerkl\u00e4rung der Website Countryflags.com - Country flags<\/title>\n<meta name=\"description\" content=\"Datenschutzerkl\u00e4rung der Website Countryflags.com\" \/>\n<meta name=\"robots\" content=\"index, follow, max-snippet:-1, max-image-preview:large, max-video-preview:-1\" \/>\n<link rel=\"canonical\" href=\"https:\/\/www.countryflags.com\/de\/datenschutzerklaerung\/\" \/>\n<meta property=\"og:locale\" content=\"de_DE\" \/>\n<meta property=\"og:type\" content=\"article\" \/>\n<meta property=\"og:title\" content=\"Datenschutzerkl\u00e4rung der Website Countryflags.com\" \/>\n<meta property=\"og:description\" content=\"Datenschutzerkl\u00e4rung der Website Countryflags.com\" \/>\n<meta property=\"og:url\" content=\"https:\/\/www.countryflags.com\/de\/datenschutzerklaerung\/\" \/>\n<meta property=\"og:site_name\" content=\"Country flags\" \/>\n<meta property=\"article:modified_time\" content=\"2020-12-03T10:15:11+00:00\" \/>\n<meta name=\"twitter:card\" content=\"summary_large_image\" \/>\n<meta name=\"twitter:label1\" content=\"Gesch\u00e4tzte Lesezeit\" \/>\n\t<meta name=\"twitter:data1\" content=\"4\u00a0Minuten\" \/>\n<script type=\"application\/ld+json\" class=\"yoast-schema-graph\">{\"@context\":\"https:\/\/schema.org\",\"@graph\":[{\"@type\":\"WebPage\",\"@id\":\"https:\/\/www.countryflags.com\/de\/datenschutzerklaerung\/\",\"url\":\"https:\/\/www.countryflags.com\/de\/datenschutzerklaerung\/\",\"name\":\"Datenschutzerkl\u00e4rung der Website Countryflags.com\",\"isPartOf\":{\"@id\":\"https:\/\/www.countryflags.com\/de\/#website\"},\"datePublished\":\"2020-11-23T15:25:53+00:00\",\"dateModified\":\"2020-12-03T10:15:11+00:00\",\"description\":\"Datenschutzerkl\u00e4rung der Website Countryflags.com\",\"breadcrumb\":{\"@id\":\"https:\/\/www.countryflags.com\/de\/datenschutzerklaerung\/#breadcrumb\"},\"inLanguage\":\"de\",\"potentialAction\":[{\"@type\":\"ReadAction\",\"target\":[\"https:\/\/www.countryflags.com\/de\/datenschutzerklaerung\/\"]}]},{\"@type\":\"BreadcrumbList\",\"@id\":\"https:\/\/www.countryflags.com\/de\/datenschutzerklaerung\/#breadcrumb\",\"itemListElement\":[{\"@type\":\"ListItem\",\"position\":1,\"name\":\"Home\",\"item\":\"https:\/\/www.countryflags.com\/de\/\"},{\"@type\":\"ListItem\",\"position\":2,\"name\":\"Datenschutzerkl\u00e4rung\"}]},{\"@type\":\"WebSite\",\"@id\":\"https:\/\/www.countryflags.com\/de\/#website\",\"url\":\"https:\/\/www.countryflags.com\/de\/\",\"name\":\"Country flags\",\"description\":\"all flags of the world\",\"publisher\":{\"@id\":\"https:\/\/www.countryflags.com\/de\/#organization\"},\"potentialAction\":[{\"@type\":\"SearchAction\",\"target\":{\"@type\":\"EntryPoint\",\"urlTemplate\":\"https:\/\/www.countryflags.com\/de\/?s={search_term_string}\"},\"query-input\":{\"@type\":\"PropertyValueSpecification\",\"valueRequired\":true,\"valueName\":\"search_term_string\"}}],\"inLanguage\":\"de\"},{\"@type\":\"Organization\",\"@id\":\"https:\/\/www.countryflags.com\/de\/#organization\",\"name\":\"Country flags\",\"url\":\"https:\/\/www.countryflags.com\/de\/\",\"logo\":{\"@type\":\"ImageObject\",\"inLanguage\":\"de\",\"@id\":\"https:\/\/www.countryflags.com\/de\/#\/schema\/logo\/image\/\",\"url\":\"https:\/\/www.countryflags.com\/wp-content\/uploads\/countryflags-logo.png\",\"contentUrl\":\"https:\/\/www.countryflags.com\/wp-content\/uploads\/countryflags-logo.png\",\"width\":800,\"height\":100,\"caption\":\"Country flags\"},\"image\":{\"@id\":\"https:\/\/www.countryflags.com\/de\/#\/schema\/logo\/image\/\"}}]}<\/script>\n<!-- \/ Yoast SEO plugin. -->","yoast_head_json":{"title":"Datenschutzerkl\u00e4rung der Website Countryflags.com - Country flags","description":"Datenschutzerkl\u00e4rung der Website Countryflags.com","robots":{"index":"index","follow":"follow","max-snippet":"max-snippet:-1","max-image-preview":"max-image-preview:large","max-video-preview":"max-video-preview:-1"},"canonical":"https:\/\/www.countryflags.com\/de\/datenschutzerklaerung\/","og_locale":"de_DE","og_type":"article","og_title":"Datenschutzerkl\u00e4rung der Website Countryflags.com","og_description":"Datenschutzerkl\u00e4rung der Website Countryflags.com","og_url":"https:\/\/www.countryflags.com\/de\/datenschutzerklaerung\/","og_site_name":"Country flags","article_modified_time":"2020-12-03T10:15:11+00:00","twitter_card":"summary_large_image","twitter_misc":{"Gesch\u00e4tzte Lesezeit":"4\u00a0Minuten"},"schema":{"@context":"https:\/\/schema.org","@graph":[{"@type":"WebPage","@id":"https:\/\/www.countryflags.com\/de\/datenschutzerklaerung\/","url":"https:\/\/www.countryflags.com\/de\/datenschutzerklaerung\/","name":"Datenschutzerkl\u00e4rung der Website Countryflags.com","isPartOf":{"@id":"https:\/\/www.countryflags.com\/de\/#website"},"datePublished":"2020-11-23T15:25:53+00:00","dateModified":"2020-12-03T10:15:11+00:00","description":"Datenschutzerkl\u00e4rung der Website Countryflags.com","breadcrumb":{"@id":"https:\/\/www.countryflags.com\/de\/datenschutzerklaerung\/#breadcrumb"},"inLanguage":"de","potentialAction":[{"@type":"ReadAction","target":["https:\/\/www.countryflags.com\/de\/datenschutzerklaerung\/"]}]},{"@type":"BreadcrumbList","@id":"https:\/\/www.countryflags.com\/de\/datenschutzerklaerung\/#breadcrumb","itemListElement":[{"@type":"ListItem","position":1,"name":"Home","item":"https:\/\/www.countryflags.com\/de\/"},{"@type":"ListItem","position":2,"name":"Datenschutzerkl\u00e4rung"}]},{"@type":"WebSite","@id":"https:\/\/www.countryflags.com\/de\/#website","url":"https:\/\/www.countryflags.com\/de\/","name":"Country flags","description":"all flags of the world","publisher":{"@id":"https:\/\/www.countryflags.com\/de\/#organization"},"potentialAction":[{"@type":"SearchAction","target":{"@type":"EntryPoint","urlTemplate":"https:\/\/www.countryflags.com\/de\/?s={search_term_string}"},"query-input":{"@type":"PropertyValueSpecification","valueRequired":true,"valueName":"search_term_string"}}],"inLanguage":"de"},{"@type":"Organization","@id":"https:\/\/www.countryflags.com\/de\/#organization","name":"Country flags","url":"https:\/\/www.countryflags.com\/de\/","logo":{"@type":"ImageObject","inLanguage":"de","@id":"https:\/\/www.countryflags.com\/de\/#\/schema\/logo\/image\/","url":"https:\/\/www.countryflags.com\/wp-content\/uploads\/countryflags-logo.png","contentUrl":"https:\/\/www.countryflags.com\/wp-content\/uploads\/countryflags-logo.png","width":800,"height":100,"caption":"Country flags"},"image":{"@id":"https:\/\/www.countryflags.com\/de\/#\/schema\/logo\/image\/"}}]}},"_links":{"self":[{"href":"https:\/\/www.countryflags.com\/de\/wp-json\/wp\/v2\/pages\/99","targetHints":{"allow":["GET"]}}],"collection":[{"href":"https:\/\/www.countryflags.com\/de\/wp-json\/wp\/v2\/pages"}],"about":[{"href":"https:\/\/www.countryflags.com\/de\/wp-json\/wp\/v2\/types\/page"}],"author":[{"embeddable":true,"href":"https:\/\/www.countryflags.com\/de\/wp-json\/wp\/v2\/users\/1"}],"replies":[{"embeddable":true,"href":"https:\/\/www.countryflags.com\/de\/wp-json\/wp\/v2\/comments?post=99"}],"version-history":[{"count":3,"href":"https:\/\/www.countryflags.com\/de\/wp-json\/wp\/v2\/pages\/99\/revisions"}],"predecessor-version":[{"id":21927,"href":"https:\/\/www.countryflags.com\/de\/wp-json\/wp\/v2\/pages\/99\/revisions\/21927"}],"wp:attachment":[{"href":"https:\/\/www.countryflags.com\/de\/wp-json\/wp\/v2\/media?parent=99"}],"curies":[{"name":"wp","href":"https:\/\/api.w.org\/{rel}","templated":true}]}}